{"id":51,"date":"2015-09-18T12:18:34","date_gmt":"2015-09-18T11:18:34","guid":{"rendered":"http:\/\/hpce.fr\/?page_id=51"},"modified":"2020-12-15T13:45:02","modified_gmt":"2020-12-15T12:45:02","slug":"hpce","status":"publish","type":"page","link":"https:\/\/hpce.fr\/?page_id=51","title":{"rendered":"HPCE : Une Cr\u00e9ation et une d\u00e9marche professionnelle et Personnelle"},"content":{"rendered":"<p style=\"text-align: left;\"><strong><span style=\"color: #00ff00;\"><span style=\"color: #00ffff;\">Bienvenue sur le Site d&rsquo;HPCE,<\/span><\/span><span style=\"color: #00ff00;\"><a href=\"http:\/\/hpce.fr\/wp-content\/uploads\/2015\/09\/Tour-eiffel-dans-la-nature.jpg\"><img loading=\"lazy\" decoding=\"async\" class=\"size-medium wp-image-344 alignleft\" src=\"http:\/\/hpce.fr\/wp-content\/uploads\/2015\/09\/Tour-eiffel-dans-la-nature-225x300.jpg\" alt=\"Tour eiffel dans la nature\" width=\"225\" height=\"300\" srcset=\"https:\/\/hpce.fr\/wp-content\/uploads\/2015\/09\/Tour-eiffel-dans-la-nature-225x300.jpg 225w, https:\/\/hpce.fr\/wp-content\/uploads\/2015\/09\/Tour-eiffel-dans-la-nature.jpg 449w\" sizes=\"auto, (max-width: 225px) 100vw, 225px\" \/><\/a><\/span><\/strong><\/p>\n<p style=\"text-align: left;\">J&rsquo;ai cr\u00e9\u00e9 une salle de sport,\u00e0 taille humaine, proposant des s\u00e9ances individuelles et en petits groupes, r\u00e9pondant aux besoins personnalis\u00e9s de mes clients.<\/p>\n<p style=\"text-align: left;\">Inspir\u00e9e\u00a0de mes diff\u00e9rentes exp\u00e9riences de coaching sportif en salles de sport et l&rsquo;observation de l&rsquo;offre parisienne.<\/p>\n<p>Dipl\u00f4m\u00e9e en STAPS ( Sciences et Techniques des Activit\u00e9s Physiques et Sportives) depuis 2002;<\/p>\n<p>J&rsquo; apporte forme et Mieux-Etre aux diff\u00e9rentes personnes que j&rsquo; accompagne et coache.<\/p>\n<p>Adepte des activit\u00e9s de plein air et des pratiques sportives douces; sans pour autant oublier les notions d&rsquo;effort et d\u00e9passement de Soi.\u00a0Je me suis orient\u00e9e vers le\u00a0\u00ab\u00a0Wellness\u00a0\u00bb.<\/p>\n<p>J&rsquo; ai suivi une formation en di\u00e9t\u00e9tique (BTS) o\u00f9 \u00a0j&rsquo;ai acquis quelques notions de base de la nutrition.<\/p>\n<p style=\"text-align: left;\">Int\u00e9ress\u00e9e par le Mieux- \u00catre qu&rsquo; apporte la pratique de la Sophrologie; j&rsquo;ai suivi la formation de Sophrologue au CEAS Paris et je suis devenue Sophrologue praticienne ( certifi\u00e9e RNCP), \u00e0 la suite de deux ann\u00e9es de formation.<\/p>\n<p style=\"text-align: left;\">Je continue \u00e0 me former lors\u00a0de diff\u00e9rentes sp\u00e9cialisations, afin de mieux r\u00e9pondre aux besoins et aux demandes de mes clients.<\/p>\n<p style=\"text-align: left;\">C&rsquo;est dans une ambiance chaleureuse et cosy que \u00a0je vous accueille , sur <a href=\"https:\/\/hpce.fr\/\"><strong><span style=\"color: #00ffff;\">RDV<\/span><\/strong><\/a>, pour des s\u00e9ances de coaching sportif et de sophrologie.<\/p>\n<p style=\"text-align: left;\">Je mets mes comp\u00e9tences et mon s\u00e9rieux au service de votre mieux-Etre.<\/p>\n<p style=\"text-align: left;\">Elodie<\/p>\n","protected":false},"excerpt":{"rendered":"<p>Bienvenue sur le Site d&rsquo;HPCE, J&rsquo;ai cr\u00e9\u00e9 une salle de sport,\u00e0 taille humaine, proposant des s\u00e9ances individuelles et en petits groupes, r\u00e9pondant aux besoins personnalis\u00e9s de mes clients. Inspir\u00e9e\u00a0de mes diff\u00e9rentes exp\u00e9riences de coaching sportif en salles de sport et l&rsquo;observation de l&rsquo;offre parisienne. Dipl\u00f4m\u00e9e en STAPS ( Sciences et Techniques des Activit\u00e9s Physiques et [&hellip;]<\/p>\n","protected":false},"author":1,"featured_media":0,"parent":0,"menu_order":0,"comment_status":"open","ping_status":"closed","template":"page-full-width.php","meta":{"jetpack_post_was_ever_published":false,"footnotes":""},"class_list":["post-51","page","type-page","status-publish","hentry"],"jetpack_shortlink":"https:\/\/wp.me\/P5WQun-P","jetpack_sharing_enabled":true,"_links":{"self":[{"href":"https:\/\/hpce.fr\/index.php?rest_route=\/wp\/v2\/pages\/51","targetHints":{"allow":["GET"]}}],"collection":[{"href":"https:\/\/hpce.fr\/index.php?rest_route=\/wp\/v2\/pages"}],"about":[{"href":"https:\/\/hpce.fr\/index.php?rest_route=\/wp\/v2\/types\/page"}],"author":[{"embeddable":true,"href":"https:\/\/hpce.fr\/index.php?rest_route=\/wp\/v2\/users\/1"}],"replies":[{"embeddable":true,"href":"https:\/\/hpce.fr\/index.php?rest_route=%2Fwp%2Fv2%2Fcomments&post=51"}],"version-history":[{"count":16,"href":"https:\/\/hpce.fr\/index.php?rest_route=\/wp\/v2\/pages\/51\/revisions"}],"predecessor-version":[{"id":2072,"href":"https:\/\/hpce.fr\/index.php?rest_route=\/wp\/v2\/pages\/51\/revisions\/2072"}],"wp:attachment":[{"href":"https:\/\/hpce.fr\/index.php?rest_route=%2Fwp%2Fv2%2Fmedia&parent=51"}],"curies":[{"name":"wp","href":"https:\/\/api.w.org\/{rel}","templated":true}]}}