{"id":427,"date":"2020-01-01T09:00:21","date_gmt":"2020-01-01T08:00:21","guid":{"rendered":"https:\/\/hpce.fr\/?page_id=427"},"modified":"2020-12-31T17:29:24","modified_gmt":"2020-12-31T16:29:24","slug":"au-cabinet-seance-de-groupe","status":"publish","type":"page","link":"https:\/\/hpce.fr\/?page_id=427","title":{"rendered":"Au Cabinet : S\u00e9ance de Groupe"},"content":{"rendered":"<h3 style=\"text-align: center;\"><a href=\"https:\/\/hpce.fr\/wp-content\/uploads\/2015\/09\/IMG_20161021_184427.jpg\"><img loading=\"lazy\" decoding=\"async\" class=\"wp-image-404 alignleft\" src=\"https:\/\/hpce.fr\/wp-content\/uploads\/2015\/09\/IMG_20161021_184427-225x300.jpg\" alt=\"\" width=\"153\" height=\"204\" srcset=\"https:\/\/hpce.fr\/wp-content\/uploads\/2015\/09\/IMG_20161021_184427-225x300.jpg 225w, https:\/\/hpce.fr\/wp-content\/uploads\/2015\/09\/IMG_20161021_184427-768x1024.jpg 768w\" sizes=\"auto, (max-width: 153px) 100vw, 153px\" \/><\/a><span style=\"color: #33cccc;\">En Duo, Trio&#8230; pour une Belle motivation de groupe !!<\/span><\/h3>\n<p>&nbsp;<\/p>\n<p style=\"text-align: center;\"><span style=\"color: #00ffff;\"><strong>Pour\u00a0pratiquer \u00e0 plusieurs tout en suivant\u00a0un programme personnalis\u00e9<\/strong><span style=\"color: #ccffff;\"> r\u00e9pondant \u00e0 vos propres besoins<\/span>.<\/span><\/p>\n<p style=\"text-align: center;\">Je vous propose le Forfait suivant:<\/p>\n<ul style=\"text-align: center;\">\n<li style=\"text-align: left;\"><strong><span style=\"color: #ccffff;\">S\u00e9ance D\u00e9couverte ,<\/span><\/strong><span style=\"color: #ccffff;\">o\u00f9 nous mettons en place votre programme <\/span><span style=\"color: #ccffff;\">(Bilan Forme et Besoins, Demandes)<\/span><\/li>\n<li style=\"text-align: left;\"><strong><span style=\"color: #00ffff;\"><span style=\"color: #ccffff;\">Mise en place du<\/span> planning<\/span><\/strong><span style=\"color: #00ffff;\"> ( Dates et Horaire)<\/span><strong><span style=\"color: #00ffff;\"> pour l&rsquo;ensemble du groupe.<\/span><\/strong><\/li>\n<li style=\"text-align: left;\"><strong><span style=\"color: #ccffff;\">Un suivi personnalis\u00e9 , <\/span><\/strong><span style=\"color: #ccffff;\">une ambiance conviviale et d\u00e9contract\u00e9e dans un cadre cocooning ,accueillant.<\/span><\/li>\n<\/ul>\n<p style=\"text-align: center;\">Une possibilit\u00e9 de se retrouver pour<span style=\"color: #ccffff;\"><strong><span style=\"color: #33cccc;\"> partager un bon moment sportif tout en prenant soin de vous<\/span> <\/strong><\/span>\u00e0 moindre co\u00fbt et entre ami(e)s.<\/p>\n<p style=\"text-align: center;\">Alors , n&rsquo;h\u00e9sitez pas, former un groupe et contactez moi pour un Devis.<\/p>\n<p style=\"text-align: center;\">A bient\u00f4t et Bonne Forme ! Elodie<\/p>\n<p style=\"text-align: center;\">06.95.34.16.79<\/p>\n<p>&nbsp;<\/p>\n","protected":false},"excerpt":{"rendered":"<p>En Duo, Trio&#8230; pour une Belle motivation de groupe !! &nbsp; Pour\u00a0pratiquer \u00e0 plusieurs tout en suivant\u00a0un programme personnalis\u00e9 r\u00e9pondant \u00e0 vos propres besoins. Je vous propose le Forfait suivant: S\u00e9ance D\u00e9couverte ,o\u00f9 nous mettons en place votre programme (Bilan Forme et Besoins, Demandes) Mise en place du planning ( Dates et Horaire) pour l&rsquo;ensemble [&hellip;]<\/p>\n","protected":false},"author":1,"featured_media":0,"parent":0,"menu_order":0,"comment_status":"closed","ping_status":"closed","template":"","meta":{"jetpack_post_was_ever_published":false,"footnotes":""},"class_list":["post-427","page","type-page","status-publish","hentry"],"jetpack_shortlink":"https:\/\/wp.me\/P5WQun-6T","jetpack_sharing_enabled":true,"_links":{"self":[{"href":"https:\/\/hpce.fr\/index.php?rest_route=\/wp\/v2\/pages\/427","targetHints":{"allow":["GET"]}}],"collection":[{"href":"https:\/\/hpce.fr\/index.php?rest_route=\/wp\/v2\/pages"}],"about":[{"href":"https:\/\/hpce.fr\/index.php?rest_route=\/wp\/v2\/types\/page"}],"author":[{"embeddable":true,"href":"https:\/\/hpce.fr\/index.php?rest_route=\/wp\/v2\/users\/1"}],"replies":[{"embeddable":true,"href":"https:\/\/hpce.fr\/index.php?rest_route=%2Fwp%2Fv2%2Fcomments&post=427"}],"version-history":[{"count":20,"href":"https:\/\/hpce.fr\/index.php?rest_route=\/wp\/v2\/pages\/427\/revisions"}],"predecessor-version":[{"id":2088,"href":"https:\/\/hpce.fr\/index.php?rest_route=\/wp\/v2\/pages\/427\/revisions\/2088"}],"wp:attachment":[{"href":"https:\/\/hpce.fr\/index.php?rest_route=%2Fwp%2Fv2%2Fmedia&parent=427"}],"curies":[{"name":"wp","href":"https:\/\/api.w.org\/{rel}","templated":true}]}}