{"id":239,"date":"2015-09-18T15:39:27","date_gmt":"2015-09-18T14:39:27","guid":{"rendered":"http:\/\/hpce.fr\/?page_id=239"},"modified":"2017-06-05T14:33:43","modified_gmt":"2017-06-05T13:33:43","slug":"bienvenue-sur-le-site-hpce","status":"publish","type":"page","link":"https:\/\/hpce.fr\/?page_id=239","title":{"rendered":"Bienvenue sur le site HPCE"},"content":{"rendered":"<p style=\"text-align: center;\"><span style=\"color: #00ffff;\"><strong>HPCE<\/strong> pour \u00ab\u00a0<strong>My Healthy Personal Coaching by Elodie\u00a0\u00bb<\/strong>..<\/span><a href=\"http:\/\/hpce.fr\/wp-content\/uploads\/2014\/10\/cropped-elo-centralpark-v1-e1414090821701.jpg\"><img loading=\"lazy\" decoding=\"async\" class=\"size-medium wp-image-60 alignleft\" src=\"http:\/\/hpce.fr\/wp-content\/uploads\/2014\/10\/cropped-elo-centralpark-v1-e1414090821701-300x75.jpg\" alt=\"cropped-elo-centralpark-v1-e1414090821701.jpg\" width=\"300\" height=\"75\" srcset=\"https:\/\/hpce.fr\/wp-content\/uploads\/2014\/10\/cropped-elo-centralpark-v1-e1414090821701-300x75.jpg 300w, https:\/\/hpce.fr\/wp-content\/uploads\/2014\/10\/cropped-elo-centralpark-v1-e1414090821701-1024x256.jpg 1024w, https:\/\/hpce.fr\/wp-content\/uploads\/2014\/10\/cropped-elo-centralpark-v1-e1414090821701.jpg 1600w\" sizes=\"auto, (max-width: 300px) 100vw, 300px\" \/><\/a><\/p>\n<p style=\"text-align: center;\">Quelques explications &#8230;<\/p>\n<p>&nbsp;<\/p>\n<p>Elodie, coach sportif dipl\u00f4m\u00e9e d&rsquo;\u00e9tat et Sophrologue praticienne ( certifi\u00e9e RNCP), est heureuse de vous accueillir pour votre s\u00e9ance sportive et Sophrologique, dans un cadre cosy et chaleureux.<\/p>\n<p>Je vous <span style=\"color: #00ffff;\">accueille, sur rendez-vous, du lundi au vendredi\u00a0entre 9h\u00a0et 19h<\/span> , et vous propose des s\u00e9ances individuelles et des s\u00e9ances de groupe ( 4 \u00e0 5 participants).<\/p>\n<p><span style=\"color: #ccffff;\">Je me d\u00e9place, en entreprise, pour des s\u00e9minaires, des s\u00e9ances individuelles et de groupes sur demande.<\/span><\/p>\n<p><span style=\"color: #00ffff;\">Je mets mes comp\u00e9tences au service de votre forme physique et de votre Mieux-\u00eatre, pour votre remise en forme dynamique et en douceur, dans la bonne humeur.<\/span><\/p>\n<p>Mes <span style=\"color: #00ffff;\">prestations sont personnalis\u00e9es<\/span>,d\u00e9s votre accueil ,dans votre progression car je vous pr\u00e9pare un <span style=\"color: #00ffff;\">programme sur-mesure et \u00e9volutif.<\/span><\/p>\n<p>Mon <span style=\"color: #ccffff;\">accompagnement est guid\u00e9 par le respect de l&rsquo;\u00e9quilibre et du bien-\u00eatre de chacun<\/span>; tout en veillant au <span style=\"color: #ccffff;\">maintien de l&rsquo;int\u00e9grit\u00e9 physique<\/span> de chaque personne,gr\u00e2ce \u00e0 une <span style=\"color: #ccffff;\">vigilance particuli\u00e8re des postures corporelles adapt\u00e9es<\/span>, lors des exercices physiques, sportifs et sophrologiques.<\/p>\n<p><span style=\"color: #00ffff;\">Parce qu&rsquo; entretenir son corps ,sans le brusquer et \u00e0 son rythme, permet d&rsquo;atteindre des r\u00e9sultats durables et visibles ,en restant motiv\u00e9(e) et en bonne sant\u00e9 &#8230;<\/span><\/p>\n<p>Bonne visite sur ce site internet et n&rsquo;h\u00e9sitez pas \u00e0 me contacter.<\/p>\n<p>A Bient\u00f4t et Bonne Forme,<\/p>\n<p>Elodie<\/p>\n","protected":false},"excerpt":{"rendered":"<p>HPCE pour \u00ab\u00a0My Healthy Personal Coaching by Elodie\u00a0\u00bb.. Quelques explications &#8230; &nbsp; Elodie, coach sportif dipl\u00f4m\u00e9e d&rsquo;\u00e9tat et Sophrologue praticienne ( certifi\u00e9e RNCP), est heureuse de vous accueillir pour votre s\u00e9ance sportive et Sophrologique, dans un cadre cosy et chaleureux. Je vous accueille, sur rendez-vous, du lundi au vendredi\u00a0entre 9h\u00a0et 19h , et vous propose [&hellip;]<\/p>\n","protected":false},"author":1,"featured_media":0,"parent":0,"menu_order":0,"comment_status":"closed","ping_status":"closed","template":"page-full-width.php","meta":{"footnotes":""},"class_list":["post-239","page","type-page","status-publish","hentry"],"jetpack_shortlink":"https:\/\/wp.me\/P5WQun-3R","jetpack_sharing_enabled":true,"_links":{"self":[{"href":"https:\/\/hpce.fr\/index.php?rest_route=\/wp\/v2\/pages\/239","targetHints":{"allow":["GET"]}}],"collection":[{"href":"https:\/\/hpce.fr\/index.php?rest_route=\/wp\/v2\/pages"}],"about":[{"href":"https:\/\/hpce.fr\/index.php?rest_route=\/wp\/v2\/types\/page"}],"author":[{"embeddable":true,"href":"https:\/\/hpce.fr\/index.php?rest_route=\/wp\/v2\/users\/1"}],"replies":[{"embeddable":true,"href":"https:\/\/hpce.fr\/index.php?rest_route=%2Fwp%2Fv2%2Fcomments&post=239"}],"version-history":[{"count":10,"href":"https:\/\/hpce.fr\/index.php?rest_route=\/wp\/v2\/pages\/239\/revisions"}],"predecessor-version":[{"id":918,"href":"https:\/\/hpce.fr\/index.php?rest_route=\/wp\/v2\/pages\/239\/revisions\/918"}],"wp:attachment":[{"href":"https:\/\/hpce.fr\/index.php?rest_route=%2Fwp%2Fv2%2Fmedia&parent=239"}],"curies":[{"name":"wp","href":"https:\/\/api.w.org\/{rel}","templated":true}]}}