{"id":156,"date":"2015-09-16T16:13:10","date_gmt":"2015-09-16T15:13:10","guid":{"rendered":"http:\/\/hpce.fr\/?page_id=156"},"modified":"2019-01-31T15:46:30","modified_gmt":"2019-01-31T14:46:30","slug":"ma-formation-en-sophrologie","status":"publish","type":"page","link":"https:\/\/hpce.fr\/?page_id=156","title":{"rendered":"Ma Formation en Sophrologie"},"content":{"rendered":"<p><a href=\"http:\/\/hpce.fr\/wp-content\/uploads\/2015\/09\/Diplome-Sophrologie-CEAS.jpg\"><img loading=\"lazy\" decoding=\"async\" class=\"size-medium wp-image-348 alignleft\" src=\"http:\/\/hpce.fr\/wp-content\/uploads\/2015\/09\/Diplome-Sophrologie-CEAS-300x225.jpg\" alt=\"Diplome Sophrologie CEAS\" width=\"300\" height=\"225\" srcset=\"https:\/\/hpce.fr\/wp-content\/uploads\/2015\/09\/Diplome-Sophrologie-CEAS-300x225.jpg 300w, https:\/\/hpce.fr\/wp-content\/uploads\/2015\/09\/Diplome-Sophrologie-CEAS-768x576.jpg 768w, https:\/\/hpce.fr\/wp-content\/uploads\/2015\/09\/Diplome-Sophrologie-CEAS.jpg 857w\" sizes=\"auto, (max-width: 300px) 100vw, 300px\" \/><\/a>J\u2019ai suivi un <span style=\"color: #00ffff;\"><strong>cursus de 2 ann\u00e9es au CEAS Paris<\/strong><\/span> (Centre d\u2019Etude et d\u2019Application de la Sophrologie, \u00a0<strong><span style=\"color: #ccffff;\"><a style=\"color: #ccffff;\" title=\"CEAS\" href=\"http:\/\/www.sophrologie-ceas.org\/\" rel=\"alternate\">www.sophrologie-ceas.org<\/a>\u00a0<\/span><\/strong>) appartenant au regroupement d&rsquo;\u00e9cole\u00a0la FEPS (F\u00e9d\u00e9ration des Ecoles Professionnelles en Sophrologie,\u00a0<span style=\"color: #00ffff;\"><strong><span style=\"color: #ccffff;\"><a style=\"color: #ccffff;\" title=\"FEPS\" href=\"http:\/\/www.feps-sophrologie.fr\/\" rel=\"alternate\">www.feps-sophrologie.fr<\/a><\/span><\/strong>\u00a0<\/span>).<\/p>\n<p>Le titre de sophrologue dispens\u00e9 par la F\u00e9d\u00e9ration est aujourd\u2019hui reconnu au RNCP (Registre National des Certifications Professionnelles).<\/p>\n<p>Ceci est un gage de professionnalisme et valorise le s\u00e9rieux du contenu p\u00e9dagogique riche de la diversit\u00e9 des diff\u00e9rents professeurs intervenants.<\/p>\n<p>Les Sp\u00e9cialisations suivies:<\/p>\n<ul>\n<li><span style=\"color: #00ffff;\"><strong>Sophrologie en Anglais<\/strong>,<\/span> dispens\u00e9e par F. Parot ( Sophrology Acad\u00e9my)<\/li>\n<li><span style=\"color: #00ffff;\"><strong>Sophrology and Sports, <\/strong><\/span>dispens\u00e9e par F. Parot (\u00e0 la Sophrology Academy \u00e0 Canterbury ,\u00a0<span style=\"color: #ccffff;\">www.sophroacademy.co.uk <\/span>)<\/li>\n<li><span style=\"color: #00ffff;\"><strong>Biochimie du Stress,<\/strong><\/span>\u00a0dispens\u00e9e par le Dr Bouchot &#8211; CEAS Paris<\/li>\n<li><span style=\"color: #00ffff;\"><strong>Prise en charge des Troubles Musculo-Squelettiques<\/strong><\/span><span style=\"color: #00ff00;\"><span style=\"color: #00ffff;\"> (TMS) <\/span><strong><span style=\"color: #00ffff;\">et des Rachialgies<\/span>,<\/strong><\/span>dispens\u00e9es par M.Bresler &#8211; CEAS Paris<\/li>\n<li><span style=\"color: #00ffff;\"><strong>Pr\u00e9vention des risques Psychosociaux<\/strong><\/span> (RPS),dispens\u00e9e par Dr. L.Audouin, F.Brancy et P.Lec\u00eatre &#8211; CEAS Paris<\/li>\n<li><span style=\"color: #00ffff;\"><strong>Sommeil et Vigilance,<\/strong><\/span>dispens\u00e9e par le Dr. L.Audouin et C. Rome &#8211; CEAS Paris<\/li>\n<li><span style=\"color: #00ff00;\"><strong><span style=\"color: #00ffff;\">Morosit\u00e9, D\u00e9pression &amp; Burn Out,<\/span>\u00a0<\/strong><\/span>dispens\u00e9e par M.Rolland et F.Parot &#8211; CEAS Paris<\/li>\n<li><strong><span style=\"color: #00ffff;\">Addictions\u00a0<\/span><\/strong>&#8211; CEAS Paris<\/li>\n<\/ul>\n<p>Ces sp\u00e9cialisations me permettent de vous accompagner plus particuli\u00e8rement sur ces th\u00e9matiques et r\u00e9pondre au mieux \u00e0 vos besoins, \u00e0 mon cabinet et au sein de vos entreprises.<\/p>\n<p>J&rsquo;ai sign\u00e9 le code de d\u00e9ontologie de l \u00e9cole CEAS ( www.sophrologie-ceas.org\/partenaires\/d\u00e9ontologie )<\/p>\n<p>Je suis membre du Syndicats des Sophrologues Professionnels et reste \u00e0 l&rsquo;\u00e9coute des recherches du GES.<\/p>\n<p>Parce qu&rsquo;il est important que vous puissiez avoir confiance en votre sophrologue pour effectuer vos s\u00e9ances en toute qui\u00e9tude avec un sophrologue \u00e9thiquement \u00a0irr\u00e9prochable et digne de votre confiance.<\/p>\n<p>A bientot et bonne forme,<\/p>\n<p>Elodie<\/p>\n","protected":false},"excerpt":{"rendered":"<p>J\u2019ai suivi un cursus de 2 ann\u00e9es au CEAS Paris (Centre d\u2019Etude et d\u2019Application de la Sophrologie, \u00a0www.sophrologie-ceas.org\u00a0) appartenant au regroupement d&rsquo;\u00e9cole\u00a0la FEPS (F\u00e9d\u00e9ration des Ecoles Professionnelles en Sophrologie,\u00a0www.feps-sophrologie.fr\u00a0). Le titre de sophrologue dispens\u00e9 par la F\u00e9d\u00e9ration est aujourd\u2019hui reconnu au RNCP (Registre National des Certifications Professionnelles). Ceci est un gage de professionnalisme et valorise [&hellip;]<\/p>\n","protected":false},"author":1,"featured_media":0,"parent":51,"menu_order":0,"comment_status":"closed","ping_status":"closed","template":"page-full-width.php","meta":{"jetpack_post_was_ever_published":false,"footnotes":""},"class_list":["post-156","page","type-page","status-publish","hentry"],"jetpack_shortlink":"https:\/\/wp.me\/P5WQun-2w","jetpack_sharing_enabled":true,"_links":{"self":[{"href":"https:\/\/hpce.fr\/index.php?rest_route=\/wp\/v2\/pages\/156","targetHints":{"allow":["GET"]}}],"collection":[{"href":"https:\/\/hpce.fr\/index.php?rest_route=\/wp\/v2\/pages"}],"about":[{"href":"https:\/\/hpce.fr\/index.php?rest_route=\/wp\/v2\/types\/page"}],"author":[{"embeddable":true,"href":"https:\/\/hpce.fr\/index.php?rest_route=\/wp\/v2\/users\/1"}],"replies":[{"embeddable":true,"href":"https:\/\/hpce.fr\/index.php?rest_route=%2Fwp%2Fv2%2Fcomments&post=156"}],"version-history":[{"count":25,"href":"https:\/\/hpce.fr\/index.php?rest_route=\/wp\/v2\/pages\/156\/revisions"}],"predecessor-version":[{"id":1775,"href":"https:\/\/hpce.fr\/index.php?rest_route=\/wp\/v2\/pages\/156\/revisions\/1775"}],"up":[{"embeddable":true,"href":"https:\/\/hpce.fr\/index.php?rest_route=\/wp\/v2\/pages\/51"}],"wp:attachment":[{"href":"https:\/\/hpce.fr\/index.php?rest_route=%2Fwp%2Fv2%2Fmedia&parent=156"}],"curies":[{"name":"wp","href":"https:\/\/api.w.org\/{rel}","templated":true}]}}