{"id":151,"date":"2020-01-30T09:30:02","date_gmt":"2020-01-30T08:30:02","guid":{"rendered":"http:\/\/hpce.fr\/?page_id=151"},"modified":"2021-01-28T16:02:55","modified_gmt":"2021-01-28T15:02:55","slug":"evenements","status":"publish","type":"page","link":"https:\/\/hpce.fr\/?page_id=151","title":{"rendered":"\u00c9v\u00e9nements"},"content":{"rendered":"<p style=\"text-align: center;\"><span style=\"color: #00ffff;\"><strong>INSCRIPTION:<\/strong><\/span><\/p>\n<p style=\"text-align: center;\"><span style=\"color: #00ffff;\"><strong>6 s\u00e9ances de Sophrologie en groupe PAR VISIO.<\/strong><\/span><\/p>\n<p style=\"text-align: center;\"><span style=\"color: #00ffff;\"><strong>Les jeudis soirs ( hors vacances scolaires) entre 18h15 et 19h15.<\/strong><\/span><\/p>\n<p style=\"text-align: center;\"><strong><span style=\"color: #ccffff;\">Le programme est le suivant :<\/span><\/strong><\/p>\n<ul>\n<li><strong><span style=\"color: #ccffff;\">Prendre du temps pour Soi : se poser, se reposer, se d\u00e9tendre et prendre un temps pour Soi \u00a0<\/span><\/strong><strong><span style=\"color: #ccffff;\">\u00a0 \u00a0<\/span><\/strong><\/li>\n<li><strong><span style=\"color: #ccffff;\">La Respiration\u00a0: apprendre \u00e0 l&rsquo;adapter \u00e0 ses besoins<\/span><\/strong><\/li>\n<li><strong><span style=\"color: #ccffff;\">Le Sommeil : mieux comprendre son sommeil et ses besoins ( dur\u00e9e, qualit\u00e9, rythme&#8230;)<\/span><\/strong><\/li>\n<li><strong><span style=\"color: #ccffff;\">La gestion du stress. \u00a0 \u00a0<\/span><\/strong><\/li>\n<\/ul>\n<p style=\"text-align: center;\"><strong><span style=\"color: #00ffff;\">Les places sont limit\u00e9es \u00e0 <\/span><span style=\"color: #00ffff;\">12 personnes<\/span><span style=\"color: #00ffff;\"> par s\u00e9ance.<\/span><\/strong><\/p>\n<p style=\"text-align: center;\"><strong style=\"color: #ccffff;\">Tarif des 6 s\u00e9ances : 175 euros<\/strong><\/p>\n<p><span style=\"color: #ccffff;\"><strong>Inscription pour les 6 s\u00e9ances<\/strong><\/span><\/p>\n<p><span style=\"color: #ccffff;\">Le travail sophrologique s&rsquo;acquiert par la pratique r\u00e9guli\u00e8re des diff\u00e9rentes techniques et je ne pourrais pas revoir les bases \u00e0 chaque s\u00e9ance.<\/span><\/p>\n<p><span style=\"color: #ccffff;\"><strong>Ce<\/strong> <strong>cr\u00e9neau sera bloqu\u00e9 pour un minimum de 6 personnes<\/strong>.<\/span><\/p>\n<p><span style=\"color: #ccffff;\">Je vous rencontrerai individuellement avant la premi\u00e8re s\u00e9ance <\/span><\/p>\n<p style=\"text-align: center;\"><strong style=\"color: #00ffff; text-align: center;\"><a style=\"color: #00ffff;\" href=\"https:\/\/www.clicrdv.com\/cabinet-nogues-liteau?clicrdv_widget=1&amp;widget_width=600&amp;websource=https%3A%2F%2Fhpce.fr%2F%3Fpage_id%3D457\">Prendre mon RDV individuel (s\u00e9ance courte Sophro)<\/a><\/strong><\/p>\n<p><span style=\"color: #ccffff;\">Vous serez pr\u00e9venu par mail de la <\/span><span style=\"color: #ccffff;\">date de la premi\u00e8re s\u00e9ance.<\/span><\/p>\n<p><span style=\"color: #ccffff;\">Je vous remercie de bien vouloir r\u00e9pondre \u00e0 la fiche de renseignements suivantes et vous inscrire pour votre RDV individuel gr\u00e2ce au lien ci-dessus.<\/span><\/p>\n<div data-test='contact-form'\n\t\t\tid='contact-form-151'\n\t\t\tclass='jetpack-contact-form-container '\n\t\t\tdata-wp-interactive='jetpack\/form' data-wp-context='{\"formId\":\"151\",\"formHash\":\"6f170aeb102f7309c883cab85247d62039fb9082\",\"showErrors\":false,\"errors\":[],\"fields\":[],\"isMultiStep\":false,\"useAjax\":true,\"submissionData\":null,\"formattedSubmissionData\":[],\"submissionSuccess\":false,\"submissionError\":null,\"elementId\":\"jp-form-6f170aeb102f7309c883cab85247d62039fb9082\",\"isSingleInputForm\":false,\"isForcedHorizontal\":false}'\n\t\t\tdata-wp-watch--scroll-to-wrapper=\"callbacks.scrollToWrapper\"\n\t\t>\n<div class=\"contact-form-submission contact-form-ajax-submission\" data-wp-bind--aria-hidden=\"state.isSuccessMessageAriaHidden\" data-wp-class--submission-success=\"context.submissionSuccess\" id=\"contact-form-success-6f170aeb102f7309c883cab85247d62039fb9082\" tabindex=\"-1\" aria-labelledby=\"contact-form-success-header-6f170aeb102f7309c883cab85247d62039fb9082\"><p class=\"go-back-message\"><a class=\"link\" role=\"button\" tabindex=\"0\" data-wp-on--click=\"actions.goBack\" href=\"\/index.php?rest_route=%2Fwp%2Fv2%2Fpages%2F151\">\u2190 Retour<\/a><\/p><h4 data-wp-bind--aria-hidden=\"state.isSuccessMessageAriaHidden\" id=\"contact-form-success-header-6f170aeb102f7309c883cab85247d62039fb9082\">Merci pour votre r\u00e9ponse. \u2728<\/h4>\n\n<template data-wp-each--submission=\"context.formattedSubmissionData\">\n\t\t\t\t\t<div class=\"jetpack_forms_contact-form-success-summary\">\n\t\t\t\t\t\t<div class=\"field-name-wrapper\">\n\t\t\t\t\t\t\t<div class=\"field-type-icon\" data-wp-watch=\"callbacks.watchFieldTypeIcon\"><\/div>\n\t\t\t\t\t\t\t<div class=\"field-name\" data-wp-text=\"context.submission.label\" data-wp-bind--hidden=\"!context.submission.label\"><\/div>\n\t\t\t\t\t\t<\/div>\n\t\t\t\t\t\t<div class=\"field-value\" data-wp-text=\"context.submission.value\" data-wp-bind--hidden=\"!context.submission.showPlainValue\"><\/div>\n\t\t\t\t\t\t<a class=\"field-url\" data-wp-bind--href=\"context.submission.url\" data-wp-text=\"context.submission.value\" data-wp-bind--hidden=\"!context.submission.url\" target=\"_blank\" rel=\"noopener noreferrer\"><\/a>\n\t\t\t\t\t\t<div class=\"field-rating\" data-wp-bind--hidden=\"!context.submission.rating\" data-wp-watch=\"callbacks.watchRatingIcons\"><\/div>\n\t\t\t\t\t\t<div class=\"field-images\" data-wp-bind--hidden=\"!context.submission.images\">\n\t\t\t\t\t\t\t<template data-wp-each--image=\"context.submission.images\">\n\t\t\t\t\t\t\t\t<div class=\"field-image-option\" data-wp-class--is-empty=\"!context.image.src\">\n\t\t\t\t\t\t\t\t\t<figure class=\"field-image-option__image\" data-wp-class--is-empty=\"!context.image.src\">\n\t\t\t\t\t\t\t\t\t\t<img data-wp-bind--src=\"context.image.src\" data-wp-bind--hidden=\"!context.image.src\" \/>\n\t\t\t\t\t\t\t\t\t\t<img decoding=\"async\" src=\"data:image\/gif;base64,R0lGODlhAQABAAD\/ACwAAAAAAQABAAACADs=\" data-wp-bind--hidden=\"context.image.src\" \/>\n\t\t\t\t\t\t\t\t\t<\/figure>\n\t\t\t\t\t\t\t\t\t<div class=\"field-image-option__label-wrapper\">\n\t\t\t\t\t\t\t\t\t\t<span class=\"field-image-option__label-code\" data-wp-text=\"context.image.letterCode\"><\/span>\n\t\t\t\t\t\t\t\t\t\t<span class=\"field-image-option__label\" data-wp-text=\"context.image.label\" data-wp-bind--hidden=\"!context.image.label\"><\/span>\n\t\t\t\t\t\t\t\t\t<\/div>\n\t\t\t\t\t\t\t\t<\/div>\n\t\t\t\t\t\t\t<\/template>\n\t\t\t\t\t\t<\/div>\n\t\t\t\t\t\t<div class=\"field-files\" data-wp-bind--hidden=\"!context.submission.files\">\n\t\t\t\t\t\t\t<template data-wp-each--file=\"context.submission.files\">\n\t\t\t\t\t\t\t\t<div class=\"field-file\">\n\t\t\t\t\t\t\t\t\t<div class=\"field-file__thumbnail\" data-wp-style--background-image=\"context.file.previewUrl\" data-wp-style--mask-image=\"context.file.iconUrl\" data-wp-bind--hidden=\"!context.file.hasPreview\"><\/div>\n\t\t\t\t\t\t\t\t\t<svg class=\"field-file__icon\" data-wp-bind--hidden=\"context.file.hasPreview\" width=\"20\" height=\"20\" viewBox=\"0 0 24 24\" fill=\"none\" xmlns=\"http:\/\/www.w3.org\/2000\/svg\" aria-hidden=\"true\">\n\t\t\t\t\t\t\t\t\t\t<path d=\"M14 2H6C4.9 2 4 2.9 4 4V20C4 21.1 4.89 22 5.99 22H18C19.1 22 20 21.1 20 20V8L14 2ZM18 20H6V4H13V9H18V20Z\" fill=\"currentColor\"\/>\n\t\t\t\t\t\t\t\t\t<\/svg>\n\t\t\t\t\t\t\t\t\t<span class=\"field-file__name\" data-wp-text=\"context.file.name\"><\/span>\n\t\t\t\t\t\t\t\t\t<span class=\"field-file__size\" data-wp-text=\"context.file.size\"><\/span>\n\t\t\t\t\t\t\t\t<\/div>\n\t\t\t\t\t\t\t<\/template>\n\t\t\t\t\t\t<\/div>\n\t\t\t\t\t<\/div>\n\t\t\t\t<\/template><\/div><form action='https:\/\/hpce.fr\/?page_id=151'\n\t\t\t\tid='jp-form-6f170aeb102f7309c883cab85247d62039fb9082'\n\t\t\t\tmethod='post'\n\t\t\t\tclass='contact-form commentsblock jetpack-contact-form__form has-no-jetpack-form-layout' aria-label=\"\u00c9v\u00e9nements\"\n\t\t\t\tdata-wp-on--submit=\"actions.onFormSubmit\"\n\t\t\t\tdata-wp-on--reset=\"actions.onFormReset\"\n\t\t\t\tdata-wp-class--submission-success=\"context.submissionSuccess\"\n\t\t\t\tdata-wp-class--is-first-step=\"state.isFirstStep\"\n\t\t\t\tdata-wp-class--is-last-step=\"state.isLastStep\"\n\t\t\t\tdata-wp-class--is-ajax-form=\"context.useAjax\"\n\t\t\t\tnovalidate >\n<input type='hidden' name='jetpack_contact_form_jwt' value='eyJ0eXAiOiJKV1QiLCJhbGciOiJIUzI1NiJ9.eyJlbmNyeXB0ZWRfYXR0cmlidXRlcyI6Ik5HZFB2ekJKNllDNTMwWkhaZC9lWlh1cU5TVEJmMEhRSlNOcVVRdFViTFR2Q1VXMGxVV05PVDJzV1JUYVptUDlEK053QjdaS0NDeWlqa21yUU1Ub1JFaXYwOCtGWGlsSkU2eWJ3ZDNOcUZRNXA0S2hYNm5MbitWVzFLL25lenhYVkJuRWw2RWJ6eDhUWFordTZxTkZhZkFNNG9xZnh0eVpBYnlieGlaTGZaVCtuUDFmRDRzODIzK3ZsVTBMbXpDY2YxeFdMUmNHYTlpUHZJUXpmdERtMWlubVAvejVPenJaZCtDdFFEWUU0S2piVUNGdXBkbFg4cFNNano0dWZEMGFnU1lkcDRXU0JibDdoZVFLZklhNWl5YlQzQnJ2NTEzUEF1Mk1EUXl2SEkzNTFtOHIzNk9zUVlmR2JSWDF0TlJ3UElCNjc2RktHLzNvNUxNai96WVMvVVV6LzJGaUhGOUJsTFJTdHhOblk3S2dSa1NOczNJRkdvNlhocnhIbWx4Yi9nenpZYWxka1NncUc1aVlqRHVGVDdWWGZtRVpzZU51TDVqSGZUVHBKMDRSQ2hDMDNBbmlvYStTb2QwQzFWQzgwZnNFYzBpc2ZHT1FCUmtzdlU0UXZWbUk4OCtWd0RPZnhNTG1XNmoyaVFEUXlZNDhPWWptckUwZXZva2RPRHA2VHNBVXVGckRtS212OTNIeko2NEFYMnR6NDBiWTg4Tmt1OVN0RG1QM1JPWHptNDRucGlhRnpaanZPNmF4UERya05scjQ0dTRsM3llNUlUVmNFc0RnZy96MzVhbWtGNEZwZkcxT2lxR2hNRXdOeFdzQ0lLZFdWRXNqdlloZ3B6N3hnU2lUL0w0dWw5U1NNR1dNeU9sNk9CaElFOGJXdWlaQzNoT1o0VUJ4RTAzY09xaW4vK29RUnVSRGxaK2RzT0dLTGZSdTZydU14ZThPckszWjl5Z2VZbCtoS2Rnek1QckZCcU5UZEZWWUJlVFdTWG04ZVk4NlZ5VWZ5RnYvMVNVOHdmVnlYbGMwbFgvbGg4RFJIWGhRbmRQa0lmWmJMY3dVUU5qMzV2N3VldGgxSGE1N3Y5SEh6SlRzZUVIclJ3OUoxajlXdFYrQlRLQ0pRN2J0cU1ZUWNPQ2dFWHMzUzVmMDJLY09EMlhGQ1VSUDJrY01JMlBjWGN4WGxiU0pPZDl3RjlBM3J0MmRXTW1zV2lxd1EvMGdmYXFTS1ozd0xKODg2MDM4dGNJelNMMXdnT1F6WFZ4OWZIeU5uUUtRUi9mVzYyWT0iLCJjb250ZW50IjoiW2NvbnRhY3QtZmllbGQgbGFiZWw9XCJOb20vUHJcdTAwZTlub20vXHUwMGMyZ2VcIiB0eXBlPVwibmFtZVwiIHJlcXVpcmVkPVwiMVwiXVtjb250YWN0LWZpZWxkIGxhYmVsPVwiRS1tYWlsL2FkcmVzc2UgcG9zdGFsZS8gTnVtXHUwMGU5cm8gZGUgdFx1MDBlOWxcdTAwZTlwaG9uZVwiIHR5cGU9XCJlbWFpbFwiIHJlcXVpcmVkPVwiMVwiXVtjb250YWN0LWZpZWxkIGxhYmVsPVwiUHJvZmVzc2lvbi9TaXR1YXRpb24gZmFtaWxpYWxlXCIgdHlwZT1cInRleHRcIiByZXF1aXJlZD1cIjFcIl1bY29udGFjdC1maWVsZCBsYWJlbD1cIk1vdGl2YXRpb25zIHBvdXIgbGEgcHJhdGlxdWUgZGUgbGEgU29waHJvbG9naWUvIE9iamVjdGlmcyBzb3VoYWl0XHUwMGU5c1wiIHR5cGU9XCJ0ZXh0YXJlYVwiXSIsImhhc2giOiI2ZjE3MGFlYjEwMmY3MzA5Yzg4M2NhYjg1MjQ3ZDYyMDM5ZmI5MDgyIiwic291cmNlIjp7ImVudHJ5X3RpdGxlIjoiXHUwMGM5dlx1MDBlOW5lbWVudHMiLCJlbnRyeV9wYWdlIjoxLCJzb3VyY2VfaWQiOjE1MSwic291cmNlX3R5cGUiOiJzaW5nbGUiLCJyZXF1ZXN0X3VybCI6Imh0dHBzOi8vaHBjZS5mciJ9LCJ2ZXJzaW9uIjoyLCJjaXBoZXIiOiJhZXMtMjU2LWdjbSJ9.SgdcqSLZbQ7xCfUNv4el6xCKaGjvQus3wJcRxLUDVKQ' \/>\n\n<div style=\"\"  data-wp-interactive=\"jetpack\/form\" data-wp-context='{\"fieldId\":\"g151-nomprnomge\",\"fieldType\":\"name\",\"fieldLabel\":\"Nom\\\/Pr\\u00e9nom\\\/\\u00c2ge\",\"fieldValue\":\"\",\"fieldPlaceholder\":\"\",\"fieldIsRequired\":\"1\",\"fieldErrorMessage\":\"\",\"fieldExtra\":[],\"formHash\":\"6f170aeb102f7309c883cab85247d62039fb9082\"}'  class='grunion-field-name-wrap grunion-field-wrap'  data-wp-init='callbacks.initializeField' data-wp-on--jetpack-form-reset='callbacks.initializeField' >\n<label\n\t\t\t\tfor='g151-nomprnomge' class=\"grunion-field-label name\" >Nom\/Pr\u00e9nom\/\u00c2ge<span class=\"grunion-label-required\" aria-hidden=\"true\">(obligatoire)<\/span><\/label>\n<input\n\t\t\t\t\ttype='text'\n\t\t\t\t\tname='g151-nomprnomge'\n\t\t\t\t\tid='g151-nomprnomge'\n\t\t\t\t\tvalue=''\n\n\t\t\t\t\tdata-wp-bind--aria-invalid='state.fieldAriaInvalid'\n\t\t\t\t\tdata-wp-bind--value='state.getFieldValue'\n\t\t\t\t\taria-describedby='g151-nomprnomge-text-error-message'\n\t\t\t\t\tdata-wp-on--input='actions.onFieldChange'\n\t\t\t\t\tdata-wp-on--blur='actions.onFieldBlur'\n\t\t\t\t\tdata-wp-class--has-value='state.hasFieldValue'\n\n\t\t\t\t\tclass='name  grunion-field' \n\t\t\t\t\trequired='true' aria-required='true'  \/>\n \n\t\t\t<div id=\"g151-nomprnomge-text-error\" class=\"contact-form__input-error\" data-wp-class--has-errors=\"state.fieldHasErrors\">\n\t\t\t\t<span class=\"contact-form__warning-icon\" aria-hidden=\"true\">\n\t\t\t\t\t<svg width=\"16\" height=\"16\" viewBox=\"0 0 16 16\" fill=\"none\" xmlns=\"http:\/\/www.w3.org\/2000\/svg\">\n\t\t\t\t\t\t<path d=\"M8.50015 11.6402H7.50015V10.6402H8.50015V11.6402Z\" \/>\n\t\t\t\t\t\t<path d=\"M7.50015 9.64018H8.50015V6.30684H7.50015V9.64018Z\" \/>\n\t\t\t\t\t\t<path fill-rule=\"evenodd\" clip-rule=\"evenodd\" d=\"M6.98331 3.0947C7.42933 2.30177 8.57096 2.30177 9.01698 3.09469L13.8771 11.7349C14.3145 12.5126 13.7525 13.4735 12.8602 13.4735H3.14004C2.24774 13.4735 1.68575 12.5126 2.12321 11.7349L6.98331 3.0947ZM8.14541 3.58496C8.08169 3.47168 7.9186 3.47168 7.85488 3.58496L2.99478 12.2251C2.93229 12.3362 3.01257 12.4735 3.14004 12.4735H12.8602C12.9877 12.4735 13.068 12.3362 13.0055 12.2251L8.14541 3.58496Z\" \/>\n\t\t\t\t\t<\/svg>\n\t\t\t\t<\/span>\n\t\t\t\t<span data-wp-text=\"state.errorMessage\" id=\"g151-nomprnomge-text-error-message\"><\/span>\n\t\t\t<\/div> \n\t<\/div>\n\n<div style=\"\"  data-wp-interactive=\"jetpack\/form\" data-wp-context='{\"fieldId\":\"g151-emailadressepostalenumrodetlphone\",\"fieldType\":\"email\",\"fieldLabel\":\"E-mail\\\/adresse postale\\\/ Num\\u00e9ro de t\\u00e9l\\u00e9phone\",\"fieldValue\":\"\",\"fieldPlaceholder\":\"\",\"fieldIsRequired\":\"1\",\"fieldErrorMessage\":\"\",\"fieldExtra\":[],\"formHash\":\"6f170aeb102f7309c883cab85247d62039fb9082\"}'  class='grunion-field-email-wrap grunion-field-wrap'  data-wp-init='callbacks.initializeField' data-wp-on--jetpack-form-reset='callbacks.initializeField' >\n<label\n\t\t\t\tfor='g151-emailadressepostalenumrodetlphone' class=\"grunion-field-label email\" >E-mail\/adresse postale\/ Num\u00e9ro de t\u00e9l\u00e9phone<span class=\"grunion-label-required\" aria-hidden=\"true\">(obligatoire)<\/span><\/label>\n<input\n\t\t\t\t\ttype='email'\n\t\t\t\t\tname='g151-emailadressepostalenumrodetlphone'\n\t\t\t\t\tid='g151-emailadressepostalenumrodetlphone'\n\t\t\t\t\tvalue=''\n\n\t\t\t\t\tdata-wp-bind--aria-invalid='state.fieldAriaInvalid'\n\t\t\t\t\tdata-wp-bind--value='state.getFieldValue'\n\t\t\t\t\taria-describedby='g151-emailadressepostalenumrodetlphone-email-error-message'\n\t\t\t\t\tdata-wp-on--input='actions.onFieldChange'\n\t\t\t\t\tdata-wp-on--blur='actions.onFieldBlur'\n\t\t\t\t\tdata-wp-class--has-value='state.hasFieldValue'\n\n\t\t\t\t\tclass='email  grunion-field' \n\t\t\t\t\trequired='true' aria-required='true'  \/>\n \n\t\t\t<div id=\"g151-emailadressepostalenumrodetlphone-email-error\" class=\"contact-form__input-error\" data-wp-class--has-errors=\"state.fieldHasErrors\">\n\t\t\t\t<span class=\"contact-form__warning-icon\" aria-hidden=\"true\">\n\t\t\t\t\t<svg width=\"16\" height=\"16\" viewBox=\"0 0 16 16\" fill=\"none\" xmlns=\"http:\/\/www.w3.org\/2000\/svg\">\n\t\t\t\t\t\t<path d=\"M8.50015 11.6402H7.50015V10.6402H8.50015V11.6402Z\" \/>\n\t\t\t\t\t\t<path d=\"M7.50015 9.64018H8.50015V6.30684H7.50015V9.64018Z\" \/>\n\t\t\t\t\t\t<path fill-rule=\"evenodd\" clip-rule=\"evenodd\" d=\"M6.98331 3.0947C7.42933 2.30177 8.57096 2.30177 9.01698 3.09469L13.8771 11.7349C14.3145 12.5126 13.7525 13.4735 12.8602 13.4735H3.14004C2.24774 13.4735 1.68575 12.5126 2.12321 11.7349L6.98331 3.0947ZM8.14541 3.58496C8.08169 3.47168 7.9186 3.47168 7.85488 3.58496L2.99478 12.2251C2.93229 12.3362 3.01257 12.4735 3.14004 12.4735H12.8602C12.9877 12.4735 13.068 12.3362 13.0055 12.2251L8.14541 3.58496Z\" \/>\n\t\t\t\t\t<\/svg>\n\t\t\t\t<\/span>\n\t\t\t\t<span data-wp-text=\"state.errorMessage\" id=\"g151-emailadressepostalenumrodetlphone-email-error-message\"><\/span>\n\t\t\t<\/div> \n\t<\/div>\n\n<div style=\"\"  data-wp-interactive=\"jetpack\/form\" data-wp-context='{\"fieldId\":\"g151-professionsituationfamiliale\",\"fieldType\":\"text\",\"fieldLabel\":\"Profession\\\/Situation familiale\",\"fieldValue\":\"\",\"fieldPlaceholder\":\"\",\"fieldIsRequired\":\"1\",\"fieldErrorMessage\":\"\",\"fieldExtra\":[],\"formHash\":\"6f170aeb102f7309c883cab85247d62039fb9082\"}'  class='grunion-field-text-wrap grunion-field-wrap'  data-wp-init='callbacks.initializeField' data-wp-on--jetpack-form-reset='callbacks.initializeField' >\n<label\n\t\t\t\tfor='g151-professionsituationfamiliale' class=\"grunion-field-label text\" >Profession\/Situation familiale<span class=\"grunion-label-required\" aria-hidden=\"true\">(obligatoire)<\/span><\/label>\n<input\n\t\t\t\t\ttype='text'\n\t\t\t\t\tname='g151-professionsituationfamiliale'\n\t\t\t\t\tid='g151-professionsituationfamiliale'\n\t\t\t\t\tvalue=''\n\n\t\t\t\t\tdata-wp-bind--aria-invalid='state.fieldAriaInvalid'\n\t\t\t\t\tdata-wp-bind--value='state.getFieldValue'\n\t\t\t\t\taria-describedby='g151-professionsituationfamiliale-text-error-message'\n\t\t\t\t\tdata-wp-on--input='actions.onFieldChange'\n\t\t\t\t\tdata-wp-on--blur='actions.onFieldBlur'\n\t\t\t\t\tdata-wp-class--has-value='state.hasFieldValue'\n\n\t\t\t\t\tclass='text  grunion-field' \n\t\t\t\t\trequired='true' aria-required='true'  \/>\n \n\t\t\t<div id=\"g151-professionsituationfamiliale-text-error\" class=\"contact-form__input-error\" data-wp-class--has-errors=\"state.fieldHasErrors\">\n\t\t\t\t<span class=\"contact-form__warning-icon\" aria-hidden=\"true\">\n\t\t\t\t\t<svg width=\"16\" height=\"16\" viewBox=\"0 0 16 16\" fill=\"none\" xmlns=\"http:\/\/www.w3.org\/2000\/svg\">\n\t\t\t\t\t\t<path d=\"M8.50015 11.6402H7.50015V10.6402H8.50015V11.6402Z\" \/>\n\t\t\t\t\t\t<path d=\"M7.50015 9.64018H8.50015V6.30684H7.50015V9.64018Z\" \/>\n\t\t\t\t\t\t<path fill-rule=\"evenodd\" clip-rule=\"evenodd\" d=\"M6.98331 3.0947C7.42933 2.30177 8.57096 2.30177 9.01698 3.09469L13.8771 11.7349C14.3145 12.5126 13.7525 13.4735 12.8602 13.4735H3.14004C2.24774 13.4735 1.68575 12.5126 2.12321 11.7349L6.98331 3.0947ZM8.14541 3.58496C8.08169 3.47168 7.9186 3.47168 7.85488 3.58496L2.99478 12.2251C2.93229 12.3362 3.01257 12.4735 3.14004 12.4735H12.8602C12.9877 12.4735 13.068 12.3362 13.0055 12.2251L8.14541 3.58496Z\" \/>\n\t\t\t\t\t<\/svg>\n\t\t\t\t<\/span>\n\t\t\t\t<span data-wp-text=\"state.errorMessage\" id=\"g151-professionsituationfamiliale-text-error-message\"><\/span>\n\t\t\t<\/div> \n\t<\/div>\n\n<div style=\"\"  data-wp-interactive=\"jetpack\/form\" data-wp-context='{\"fieldId\":\"g151-motivationspourlapratiquedelasophrologieobjectifssouhaits\",\"fieldType\":\"textarea\",\"fieldLabel\":\"Motivations pour la pratique de la Sophrologie\\\/ Objectifs souhait\\u00e9s\",\"fieldValue\":\"\",\"fieldPlaceholder\":\"\",\"fieldIsRequired\":\"\",\"fieldErrorMessage\":\"\",\"fieldExtra\":[],\"formHash\":\"6f170aeb102f7309c883cab85247d62039fb9082\"}'  class='grunion-field-textarea-wrap grunion-field-wrap'  data-wp-init='callbacks.initializeField' data-wp-on--jetpack-form-reset='callbacks.initializeField' >\n<label\n\t\t\t\tfor='contact-form-comment-g151-motivationspourlapratiquedelasophrologieobjectifssouhaits' class=\"grunion-field-label textarea\" >Motivations pour la pratique de la Sophrologie\/ Objectifs souhait\u00e9s<\/label>\n<textarea\n\t\t                style=''\n\t\t                name='g151-motivationspourlapratiquedelasophrologieobjectifssouhaits'\n\t\t                id='contact-form-comment-g151-motivationspourlapratiquedelasophrologieobjectifssouhaits'\n\t\t                rows='20'\n\t\t\t\t\t\tdata-wp-text='state.getFieldValue'\n\t\t\t\t\t\tdata-wp-on--input='actions.onFieldChange'\n\t\t\t\t\t\tdata-wp-on--blur='actions.onFieldBlur'\n\t\t\t\t\t\tdata-wp-class--has-value='state.hasFieldValue'\n\t\t\t\t\t\taria-describedby='g151-motivationspourlapratiquedelasophrologieobjectifssouhaits-textarea-error-message'\n\t\t\t\t\t\tdata-wp-bind--aria-invalid='state.fieldAriaInvalid'\n\t\t\t\t\t\tclass='textarea  grunion-field'  ><\/textarea>\n \n\t\t\t<div id=\"g151-motivationspourlapratiquedelasophrologieobjectifssouhaits-textarea-error\" class=\"contact-form__input-error\" data-wp-class--has-errors=\"state.fieldHasErrors\">\n\t\t\t\t<span class=\"contact-form__warning-icon\" aria-hidden=\"true\">\n\t\t\t\t\t<svg width=\"16\" height=\"16\" viewBox=\"0 0 16 16\" fill=\"none\" xmlns=\"http:\/\/www.w3.org\/2000\/svg\">\n\t\t\t\t\t\t<path d=\"M8.50015 11.6402H7.50015V10.6402H8.50015V11.6402Z\" \/>\n\t\t\t\t\t\t<path d=\"M7.50015 9.64018H8.50015V6.30684H7.50015V9.64018Z\" \/>\n\t\t\t\t\t\t<path fill-rule=\"evenodd\" clip-rule=\"evenodd\" d=\"M6.98331 3.0947C7.42933 2.30177 8.57096 2.30177 9.01698 3.09469L13.8771 11.7349C14.3145 12.5126 13.7525 13.4735 12.8602 13.4735H3.14004C2.24774 13.4735 1.68575 12.5126 2.12321 11.7349L6.98331 3.0947ZM8.14541 3.58496C8.08169 3.47168 7.9186 3.47168 7.85488 3.58496L2.99478 12.2251C2.93229 12.3362 3.01257 12.4735 3.14004 12.4735H12.8602C12.9877 12.4735 13.068 12.3362 13.0055 12.2251L8.14541 3.58496Z\" \/>\n\t\t\t\t\t<\/svg>\n\t\t\t\t<\/span>\n\t\t\t\t<span data-wp-text=\"state.errorMessage\" id=\"g151-motivationspourlapratiquedelasophrologieobjectifssouhaits-textarea-error-message\"><\/span>\n\t\t\t<\/div>\n\t<\/div>\n\t<p class='contact-submit'>\n<div class=\"contact-form__error\" data-wp-class--show-errors=\"state.showFormErrors\"><span class=\"contact-form__warning-icon\" aria-hidden=\"true\"><i><\/i><\/span><span class=\"contact-form__error-message\" tabindex=\"-1\" data-wp-watch=\"callbacks.focusOnValidationError\" data-wp-text=\"state.getFormErrorMessage\"><\/span><ul aria-label=\"Erreurs de formulaire\">\n\t\t\t\t<template data-wp-each=\"state.getErrorList\" data-wp-key=\"context.item.id\">\n\t\t\t\t\t<li><a data-wp-bind--href=\"context.item.anchor\" data-wp-on--click=\"actions.scrollIntoView\" data-wp-text=\"context.item.label\"><\/a><\/li>\n\t\t\t\t<\/template>\n\t\t\t\t<\/ul><\/div><div class=\"contact-form__error\" data-wp-class--show-errors=\"state.showSubmissionError\" data-wp-text=\"context.submissionError\" tabindex=\"-1\" data-wp-watch=\"callbacks.focusOnSubmissionError\"><\/div>\t\t<button type='submit' class='pushbutton-wide'>Envoyer<\/button>\t\t<input type='hidden' name='contact-form-id' value='151' \/>\n\t\t<input type='hidden' name='action' value='grunion-contact-form' \/>\n\t\t<input type='hidden' name='contact-form-hash' value='6f170aeb102f7309c883cab85247d62039fb9082' \/>\n\t<\/p>\n<p style=\"display: none !important;\" class=\"akismet-fields-container\" data-prefix=\"ak_\"><label>&#916;<textarea name=\"ak_hp_textarea\" cols=\"45\" rows=\"8\" maxlength=\"100\"><\/textarea><\/label><input type=\"hidden\" id=\"ak_js_1\" name=\"ak_js\" value=\"72\"\/><script type=\"text\/javascript\">\n\/* <![CDATA[ *\/\ndocument.getElementById( \"ak_js_1\" ).setAttribute( \"value\", ( new Date() ).getTime() );\n\/* ]]> *\/\n<\/script>\n<\/p><\/form>\n<\/div>\n<p><span style=\"color: #ccffff;\">A bient\u00f4t et Bonne Forme,<\/span><\/p>\n<p><span style=\"color: #ccffff;\">Elodie<\/span><\/p>\n<p><span style=\"color: #ccffff;\">06.95.34.16.79<\/span><\/p>\n<p><a href=\"https:\/\/hpce.fr\/wp-content\/uploads\/2017\/01\/logo-hpce4-e1484658665607.jpg\">elodie@hpce.fr<\/a><\/p>\n","protected":false},"excerpt":{"rendered":"<p>CONTENTS<\/p>\n","protected":false},"author":2,"featured_media":1818,"parent":0,"menu_order":0,"comment_status":"closed","ping_status":"closed","template":"page-full-width.php","meta":{"footnotes":""},"class_list":["post-151","page","type-page","status-publish","has-post-thumbnail","hentry"],"jetpack_shortlink":"https:\/\/wp.me\/P5WQun-2r","jetpack_sharing_enabled":true,"_links":{"self":[{"href":"https:\/\/hpce.fr\/index.php?rest_route=\/wp\/v2\/pages\/151","targetHints":{"allow":["GET"]}}],"collection":[{"href":"https:\/\/hpce.fr\/index.php?rest_route=\/wp\/v2\/pages"}],"about":[{"href":"https:\/\/hpce.fr\/index.php?rest_route=\/wp\/v2\/types\/page"}],"author":[{"embeddable":true,"href":"https:\/\/hpce.fr\/index.php?rest_route=\/wp\/v2\/users\/2"}],"replies":[{"embeddable":true,"href":"https:\/\/hpce.fr\/index.php?rest_route=%2Fwp%2Fv2%2Fcomments&post=151"}],"version-history":[{"count":5,"href":"https:\/\/hpce.fr\/index.php?rest_route=\/wp\/v2\/pages\/151\/revisions"}],"predecessor-version":[{"id":2144,"href":"https:\/\/hpce.fr\/index.php?rest_route=\/wp\/v2\/pages\/151\/revisions\/2144"}],"wp:featuredmedia":[{"embeddable":true,"href":"https:\/\/hpce.fr\/index.php?rest_route=\/wp\/v2\/media\/1818"}],"wp:attachment":[{"href":"https:\/\/hpce.fr\/index.php?rest_route=%2Fwp%2Fv2%2Fmedia&parent=151"}],"curies":[{"name":"wp","href":"https:\/\/api.w.org\/{rel}","templated":true}]}}